{"id":3591,"date":"2024-11-05T17:30:33","date_gmt":"2024-11-05T17:30:33","guid":{"rendered":"https:\/\/anglicanrosary.org\/?page_id=3591"},"modified":"2024-11-09T07:40:22","modified_gmt":"2024-11-09T07:40:22","slug":"about","status":"publish","type":"page","link":"https:\/\/anglicanrosary.org\/es\/about\/","title":{"rendered":"Acerca de"},"content":{"rendered":"<figure class=\"wp-block-image size-large\"><img loading=\"lazy\" decoding=\"async\" width=\"1024\" height=\"178\" src=\"https:\/\/anglicanrosary.org\/wp-content\/uploads\/2024\/11\/holy-spirit-cropped-1024x178.jpeg\" alt=\"\" class=\"wp-image-3719\" srcset=\"https:\/\/anglicanrosary.org\/wp-content\/uploads\/2024\/11\/holy-spirit-cropped-1024x178.jpeg 1024w, https:\/\/anglicanrosary.org\/wp-content\/uploads\/2024\/11\/holy-spirit-cropped-300x52.jpeg 300w, https:\/\/anglicanrosary.org\/wp-content\/uploads\/2024\/11\/holy-spirit-cropped-768x133.jpeg 768w, https:\/\/anglicanrosary.org\/wp-content\/uploads\/2024\/11\/holy-spirit-cropped.jpeg 1440w\" sizes=\"auto, (max-width: 1024px) 100vw, 1024px\" \/><\/figure>\n\n\n\n<h3 class=\"wp-block-heading\">Acerca del Autor<\/h3>\n\n\n\n<div class=\"wp-block-group is-layout-grid wp-container-core-group-is-layout-0b388eb3 wp-block-group-is-layout-grid\">\n<p class=\"has-text-align-center\"><strong>Social Media in English<\/strong><\/p>\n\n\n\n<p class=\"has-text-align-center\"><strong>Redes sociales en espa\u00f1ol<\/strong><\/p>\n\n\n\n<ul class=\"wp-block-social-links is-content-justification-center is-layout-flex wp-container-core-social-links-is-layout-a89b3969 wp-block-social-links-is-layout-flex\"><li class=\"wp-social-link wp-social-link-facebook  wp-block-social-link\"><a href=\"https:\/\/facebook.com\/padre.william.ingle.gillis\" class=\"wp-block-social-link-anchor\"><svg width=\"24\" height=\"24\" viewbox=\"0 0 24 24\" version=\"1.1\" xmlns=\"http:\/\/www.w3.org\/2000\/svg\" aria-hidden=\"true\" focusable=\"false\"><path d=\"M12 2C6.5 2 2 6.5 2 12c0 5 3.7 9.1 8.4 9.9v-7H7.9V12h2.5V9.8c0-2.5 1.5-3.9 3.8-3.9 1.1 0 2.2.2 2.2.2v2.5h-1.3c-1.2 0-1.6.8-1.6 1.6V12h2.8l-.4 2.9h-2.3v7C18.3 21.1 22 17 22 12c0-5.5-4.5-10-10-10z\"><\/path><\/svg><span class=\"wp-block-social-link-label screen-reader-text\">Facebook<\/span><\/a><\/li>\n\n<li class=\"wp-social-link wp-social-link-bluesky  wp-block-social-link\"><a href=\"https:\/\/bsky.app\/profile\/padrewill.wales\" class=\"wp-block-social-link-anchor\"><svg width=\"24\" height=\"24\" viewbox=\"0 0 24 24\" version=\"1.1\" xmlns=\"http:\/\/www.w3.org\/2000\/svg\" aria-hidden=\"true\" focusable=\"false\"><path d=\"M6.3,4.2c2.3,1.7,4.8,5.3,5.7,7.2.9-1.9,3.4-5.4,5.7-7.2,1.7-1.3,4.3-2.2,4.3.9s-.4,5.2-.6,5.9c-.7,2.6-3.3,3.2-5.6,2.8,4,.7,5.1,3,2.9,5.3-5,5.2-6.7-2.8-6.7-2.8,0,0-1.7,8-6.7,2.8-2.2-2.3-1.2-4.6,2.9-5.3-2.3.4-4.9-.3-5.6-2.8-.2-.7-.6-5.3-.6-5.9,0-3.1,2.7-2.1,4.3-.9h0Z\"><\/path><\/svg><span class=\"wp-block-social-link-label screen-reader-text\">Bluesky<\/span><\/a><\/li>\n\n<li class=\"wp-social-link wp-social-link-threads  wp-block-social-link\"><a href=\"https:\/\/threads.net\/padrewill\" class=\"wp-block-social-link-anchor\"><svg width=\"24\" height=\"24\" viewbox=\"0 0 24 24\" version=\"1.1\" xmlns=\"http:\/\/www.w3.org\/2000\/svg\" aria-hidden=\"true\" focusable=\"false\"><path d=\"M16.3 11.3c-.1 0-.2-.1-.2-.1-.1-2.6-1.5-4-3.9-4-1.4 0-2.6.6-3.3 1.7l1.3.9c.5-.8 1.4-1 2-1 .8 0 1.4.2 1.7.7.3.3.5.8.5 1.3-.7-.1-1.4-.2-2.2-.1-2.2.1-3.7 1.4-3.6 3.2 0 .9.5 1.7 1.3 2.2.7.4 1.5.6 2.4.6 1.2-.1 2.1-.5 2.7-1.3.5-.6.8-1.4.9-2.4.6.3 1 .8 1.2 1.3.4.9.4 2.4-.8 3.6-1.1 1.1-2.3 1.5-4.3 1.5-2.1 0-3.8-.7-4.8-2S5.7 14.3 5.7 12c0-2.3.5-4.1 1.5-5.4 1.1-1.3 2.7-2 4.8-2 2.2 0 3.8.7 4.9 2 .5.7.9 1.5 1.2 2.5l1.5-.4c-.3-1.2-.8-2.2-1.5-3.1-1.3-1.7-3.3-2.6-6-2.6-2.6 0-4.7.9-6 2.6C4.9 7.2 4.3 9.3 4.3 12s.6 4.8 1.9 6.4c1.4 1.7 3.4 2.6 6 2.6 2.3 0 4-.6 5.3-2 1.8-1.8 1.7-4 1.1-5.4-.4-.9-1.2-1.7-2.3-2.3zm-4 3.8c-1 .1-2-.4-2-1.3 0-.7.5-1.5 2.1-1.6h.5c.6 0 1.1.1 1.6.2-.2 2.3-1.3 2.7-2.2 2.7z\"\/><\/svg><span class=\"wp-block-social-link-label screen-reader-text\">Threads<\/span><\/a><\/li>\n\n<li class=\"wp-social-link wp-social-link-mastodon  wp-block-social-link\"><a href=\"https:\/\/toot.wales\/@padrewill\" class=\"wp-block-social-link-anchor\"><svg width=\"24\" height=\"24\" viewbox=\"0 0 24 24\" version=\"1.1\" xmlns=\"http:\/\/www.w3.org\/2000\/svg\" aria-hidden=\"true\" focusable=\"false\"><path d=\"M23.193 7.879c0-5.206-3.411-6.732-3.411-6.732C18.062.357 15.108.025 12.041 0h-.076c-3.068.025-6.02.357-7.74 1.147 0 0-3.411 1.526-3.411 6.732 0 1.192-.023 2.618.015 4.129.124 5.092.934 10.109 5.641 11.355 2.17.574 4.034.695 5.535.612 2.722-.15 4.25-.972 4.25-.972l-.09-1.975s-1.945.613-4.129.539c-2.165-.074-4.449-.233-4.799-2.891a5.499 5.499 0 0 1-.048-.745s2.125.52 4.817.643c1.646.075 3.19-.097 4.758-.283 3.007-.359 5.625-2.212 5.954-3.905.517-2.665.475-6.507.475-6.507zm-4.024 6.709h-2.497V8.469c0-1.29-.543-1.944-1.628-1.944-1.2 0-1.802.776-1.802 2.312v3.349h-2.483v-3.35c0-1.536-.602-2.312-1.802-2.312-1.085 0-1.628.655-1.628 1.944v6.119H4.832V8.284c0-1.289.328-2.313.987-3.07.68-.758 1.569-1.146 2.674-1.146 1.278 0 2.246.491 2.886 1.474L12 6.585l.622-1.043c.64-.983 1.608-1.474 2.886-1.474 1.104 0 1.994.388 2.674 1.146.658.757.986 1.781.986 3.07v6.304z\"\/><\/svg><span class=\"wp-block-social-link-label screen-reader-text\">Mastodon<\/span><\/a><\/li>\n\n<li class=\"wp-social-link wp-social-link-instagram  wp-block-social-link\"><a href=\"https:\/\/instagram.com\/padrewill\" class=\"wp-block-social-link-anchor\"><svg width=\"24\" height=\"24\" viewbox=\"0 0 24 24\" version=\"1.1\" xmlns=\"http:\/\/www.w3.org\/2000\/svg\" aria-hidden=\"true\" focusable=\"false\"><path d=\"M12,4.622c2.403,0,2.688,0.009,3.637,0.052c0.877,0.04,1.354,0.187,1.671,0.31c0.42,0.163,0.72,0.358,1.035,0.673 c0.315,0.315,0.51,0.615,0.673,1.035c0.123,0.317,0.27,0.794,0.31,1.671c0.043,0.949,0.052,1.234,0.052,3.637 s-0.009,2.688-0.052,3.637c-0.04,0.877-0.187,1.354-0.31,1.671c-0.163,0.42-0.358,0.72-0.673,1.035 c-0.315,0.315-0.615,0.51-1.035,0.673c-0.317,0.123-0.794,0.27-1.671,0.31c-0.949,0.043-1.233,0.052-3.637,0.052 s-2.688-0.009-3.637-0.052c-0.877-0.04-1.354-0.187-1.671-0.31c-0.42-0.163-0.72-0.358-1.035-0.673 c-0.315-0.315-0.51-0.615-0.673-1.035c-0.123-0.317-0.27-0.794-0.31-1.671C4.631,14.688,4.622,14.403,4.622,12 s0.009-2.688,0.052-3.637c0.04-0.877,0.187-1.354,0.31-1.671c0.163-0.42,0.358-0.72,0.673-1.035 c0.315-0.315,0.615-0.51,1.035-0.673c0.317-0.123,0.794-0.27,1.671-0.31C9.312,4.631,9.597,4.622,12,4.622 M12,3 C9.556,3,9.249,3.01,8.289,3.054C7.331,3.098,6.677,3.25,6.105,3.472C5.513,3.702,5.011,4.01,4.511,4.511 c-0.5,0.5-0.808,1.002-1.038,1.594C3.25,6.677,3.098,7.331,3.054,8.289C3.01,9.249,3,9.556,3,12c0,2.444,0.01,2.751,0.054,3.711 c0.044,0.958,0.196,1.612,0.418,2.185c0.23,0.592,0.538,1.094,1.038,1.594c0.5,0.5,1.002,0.808,1.594,1.038 c0.572,0.222,1.227,0.375,2.185,0.418C9.249,20.99,9.556,21,12,21s2.751-0.01,3.711-0.054c0.958-0.044,1.612-0.196,2.185-0.418 c0.592-0.23,1.094-0.538,1.594-1.038c0.5-0.5,0.808-1.002,1.038-1.594c0.222-0.572,0.375-1.227,0.418-2.185 C20.99,14.751,21,14.444,21,12s-0.01-2.751-0.054-3.711c-0.044-0.958-0.196-1.612-0.418-2.185c-0.23-0.592-0.538-1.094-1.038-1.594 c-0.5-0.5-1.002-0.808-1.594-1.038c-0.572-0.222-1.227-0.375-2.185-0.418C14.751,3.01,14.444,3,12,3L12,3z M12,7.378 c-2.552,0-4.622,2.069-4.622,4.622S9.448,16.622,12,16.622s4.622-2.069,4.622-4.622S14.552,7.378,12,7.378z M12,15 c-1.657,0-3-1.343-3-3s1.343-3,3-3s3,1.343,3,3S13.657,15,12,15z M16.804,6.116c-0.596,0-1.08,0.484-1.08,1.08 s0.484,1.08,1.08,1.08c0.596,0,1.08-0.484,1.08-1.08S17.401,6.116,16.804,6.116z\"><\/path><\/svg><span class=\"wp-block-social-link-label screen-reader-text\">Instagram<\/span><\/a><\/li><\/ul>\n\n\n\n<ul class=\"wp-block-social-links is-content-justification-center is-layout-flex wp-container-core-social-links-is-layout-a89b3969 wp-block-social-links-is-layout-flex\"><li class=\"wp-social-link wp-social-link-bluesky  wp-block-social-link\"><a href=\"https:\/\/bsky.app\/profile\/padrewill.net\" class=\"wp-block-social-link-anchor\"><svg width=\"24\" height=\"24\" viewbox=\"0 0 24 24\" version=\"1.1\" xmlns=\"http:\/\/www.w3.org\/2000\/svg\" aria-hidden=\"true\" focusable=\"false\"><path d=\"M6.3,4.2c2.3,1.7,4.8,5.3,5.7,7.2.9-1.9,3.4-5.4,5.7-7.2,1.7-1.3,4.3-2.2,4.3.9s-.4,5.2-.6,5.9c-.7,2.6-3.3,3.2-5.6,2.8,4,.7,5.1,3,2.9,5.3-5,5.2-6.7-2.8-6.7-2.8,0,0-1.7,8-6.7,2.8-2.2-2.3-1.2-4.6,2.9-5.3-2.3.4-4.9-.3-5.6-2.8-.2-.7-.6-5.3-.6-5.9,0-3.1,2.7-2.1,4.3-.9h0Z\"><\/path><\/svg><span class=\"wp-block-social-link-label screen-reader-text\">Bluesky<\/span><\/a><\/li>\n\n<li class=\"wp-social-link wp-social-link-threads  wp-block-social-link\"><a href=\"https:\/\/threads.net\/padrewill\" class=\"wp-block-social-link-anchor\"><svg width=\"24\" height=\"24\" viewbox=\"0 0 24 24\" version=\"1.1\" xmlns=\"http:\/\/www.w3.org\/2000\/svg\" aria-hidden=\"true\" focusable=\"false\"><path d=\"M16.3 11.3c-.1 0-.2-.1-.2-.1-.1-2.6-1.5-4-3.9-4-1.4 0-2.6.6-3.3 1.7l1.3.9c.5-.8 1.4-1 2-1 .8 0 1.4.2 1.7.7.3.3.5.8.5 1.3-.7-.1-1.4-.2-2.2-.1-2.2.1-3.7 1.4-3.6 3.2 0 .9.5 1.7 1.3 2.2.7.4 1.5.6 2.4.6 1.2-.1 2.1-.5 2.7-1.3.5-.6.8-1.4.9-2.4.6.3 1 .8 1.2 1.3.4.9.4 2.4-.8 3.6-1.1 1.1-2.3 1.5-4.3 1.5-2.1 0-3.8-.7-4.8-2S5.7 14.3 5.7 12c0-2.3.5-4.1 1.5-5.4 1.1-1.3 2.7-2 4.8-2 2.2 0 3.8.7 4.9 2 .5.7.9 1.5 1.2 2.5l1.5-.4c-.3-1.2-.8-2.2-1.5-3.1-1.3-1.7-3.3-2.6-6-2.6-2.6 0-4.7.9-6 2.6C4.9 7.2 4.3 9.3 4.3 12s.6 4.8 1.9 6.4c1.4 1.7 3.4 2.6 6 2.6 2.3 0 4-.6 5.3-2 1.8-1.8 1.7-4 1.1-5.4-.4-.9-1.2-1.7-2.3-2.3zm-4 3.8c-1 .1-2-.4-2-1.3 0-.7.5-1.5 2.1-1.6h.5c.6 0 1.1.1 1.6.2-.2 2.3-1.3 2.7-2.2 2.7z\"\/><\/svg><span class=\"wp-block-social-link-label screen-reader-text\">Threads<\/span><\/a><\/li>\n\n<li class=\"wp-social-link wp-social-link-mastodon  wp-block-social-link\"><a href=\"https:\/\/masto.es\/@padrewill\" class=\"wp-block-social-link-anchor\"><svg width=\"24\" height=\"24\" viewbox=\"0 0 24 24\" version=\"1.1\" xmlns=\"http:\/\/www.w3.org\/2000\/svg\" aria-hidden=\"true\" focusable=\"false\"><path d=\"M23.193 7.879c0-5.206-3.411-6.732-3.411-6.732C18.062.357 15.108.025 12.041 0h-.076c-3.068.025-6.02.357-7.74 1.147 0 0-3.411 1.526-3.411 6.732 0 1.192-.023 2.618.015 4.129.124 5.092.934 10.109 5.641 11.355 2.17.574 4.034.695 5.535.612 2.722-.15 4.25-.972 4.25-.972l-.09-1.975s-1.945.613-4.129.539c-2.165-.074-4.449-.233-4.799-2.891a5.499 5.499 0 0 1-.048-.745s2.125.52 4.817.643c1.646.075 3.19-.097 4.758-.283 3.007-.359 5.625-2.212 5.954-3.905.517-2.665.475-6.507.475-6.507zm-4.024 6.709h-2.497V8.469c0-1.29-.543-1.944-1.628-1.944-1.2 0-1.802.776-1.802 2.312v3.349h-2.483v-3.35c0-1.536-.602-2.312-1.802-2.312-1.085 0-1.628.655-1.628 1.944v6.119H4.832V8.284c0-1.289.328-2.313.987-3.07.68-.758 1.569-1.146 2.674-1.146 1.278 0 2.246.491 2.886 1.474L12 6.585l.622-1.043c.64-.983 1.608-1.474 2.886-1.474 1.104 0 1.994.388 2.674 1.146.658.757.986 1.781.986 3.07v6.304z\"\/><\/svg><span class=\"wp-block-social-link-label screen-reader-text\">Mastodon<\/span><\/a><\/li><\/ul>\n<\/div>\n\n\n\n<p><strong>Padre Will<\/strong>, en la vida real, es&nbsp;<strong>el Rvdo. Dr. William Ingle-Gillis,<\/strong>&nbsp;un sacerdote del&nbsp;<a href=\"https:\/\/homma.org\/\">\u00c1rea Ministerial del Coraz\u00f3n de Monmouthshire<\/a>&nbsp;en Gales del Sur. Un texano criado en Georgia, el Padre Will se mud\u00f3 al Reino Unido en 1996 y fue ordenado hace unos 20 a\u00f1os. Todo su ministerio parroquial ha tenido lugar aqu\u00ed, en Gales del Sur.&nbsp;<\/p>\n\n\n\n<p>Como sacerdote de la tradici\u00f3n cat\u00f3lica y liberal de la Iglesia anglicana, \u00e9l cree en los siete sacramentos, la sucesi\u00f3n apost\u00f3lica, la liturgia, la igualdad matrimonial, la generosidad y la bondad hacia los que cruzan nuestras puertas, sin importar si creen en Dios, si lo hacen o no, y sin importar su sexualidad, su g\u00e9nero, su vida pasada, nada. Todos, todas, todes son bienvenides.<\/p>\n\n\n\n<p>En su propia vida pasada, el Padre Will estudi\u00f3 alem\u00e1n e ingl\u00e9s, y luego religi\u00f3n en&nbsp;<a href=\"https:\/\/baylor.edu\/\">Baylor University<\/a>&nbsp;<a href=\"https:\/\/baylor.edu\/\"><\/a>en Waco, Texas; despu\u00e9s, teolog\u00eda en&nbsp;<a href=\"https:\/\/kcl.ac.uk\/\">King's College, Londres<\/a>; y espec\u00edficamente para el sacerdocio en&nbsp;<a href=\"https:\/\/www.westcott.cam.ac.uk\/\">Westcott House, Cambridge<\/a>. Durante los primeros a\u00f1os de su ministerio, tambi\u00e9n dio clases de \u00e9tica y teolog\u00eda a los ordenandos y ordenandas en St. Michael\u2019s College (que ahora es&nbsp;<a href=\"https:\/\/stpadarns.ac.uk\/\">St. Padarn&#8217;s Institute<\/a>), Llandaff. Sirvi\u00f3 en parroquias de Caldicot, Caerwent, Penhow y Newport; y desde 2025 el Padre Will es el Director de Vocaciones de la Di\u00f3cesis de Monmouth. <\/p>\n\n\n\n<p>Casado con la Rvda. Can\u00f3niga Sally Ingle-Gillis, los dos tienen una gran familia de dos hijas y cuatro hijos\u2026 y, por supuesto, los dos gatos\u2026 e incluso una tortuga. Sus intereses personales incluyen la ciencia ficci\u00f3n (especialmente \u00abStar Trek\u00bb, \u00abDoctor Who\u00bb y \u00abEl Ministerio del Tiempo\u00bb); los idiomas en general (y el espa\u00f1ol en particular); los estilos de barbacoa de Texas (pecho de res) y de Georgia (hombro de cerdo); las computadoras, los tel\u00e9fonos celulares y aparatos similares; los dibujos animados como \u00abFuturama\u00bb y \u00abRick y Morty\u00bb; la m\u00fasica en general y, en particular, la m\u00fasica country (especialmente de Texas), norte\u00f1a y tejana. Y, otra vez, los gatos\u2026 cualquier gato\u2026 \u00a1todos los gatos!\u00a0<\/p>\n\n\n\n<h2 class=\"wp-block-heading\">Acerca del sitio<\/h2>\n\n\n\n<p>Este sitio es, en realidad, un trabajo en elaboraci\u00f3n continua que cre\u00e9 por varios motivos; pero, en resumen, y teniendo en cuenta que la versi\u00f3n original de este sitio estaba en espa\u00f1ol, sucedi\u00f3 as\u00ed: &nbsp;<\/p>\n\n\n\n<p><strong>Aprend\u00ed espa\u00f1ol<\/strong>&nbsp;durante las cuarentenas de la Covid y, claro, todav\u00eda me queda mucho por aprender. No obstante, quer\u00eda usar estas nuevas habilidades en la vida real para conectarme con personas reales. Sin muchas oportunidades para hacerlo aqu\u00ed en Gales, por la falta de hablantes, espero que internet sea suficiente por el momento.<\/p>\n\n\n\n<p>Mientras tanto, como sacerdote parroquial, quer\u00eda animar a mi comunidad anglohablante (y, en verdad, tambi\u00e9n a m\u00ed mismo)&nbsp;<strong>a rezar m\u00e1s.<\/strong>&nbsp;&nbsp;Hace unos meses, descubr\u00ed&nbsp;<strong>el rosario anglicano<\/strong> a trav\u00e9s de un video en YouTube de unos anglicanos latinos rez\u00e1ndolo. Por motivos que no entiendo completamente, me sent\u00ed muy conmovido y decid\u00ed probarlo durante la Cuaresma. La experiencia fue transformadora, y cuando escrib\u00ed un poco sobre ella en la revista parroquial, algunas personas de mi comunidad me pidieron que les ense\u00f1ara c\u00f3mo funciona. De ah\u00ed creci\u00f3 un grupo peque\u00f1o pero fiel.<\/p>\n\n\n\n<p>As\u00ed llegamos a este sitio, una combinaci\u00f3n de ambas pasiones. Hay versiones en espa\u00f1ol y en ingl\u00e9s con oraciones para el rosario anglicano; ojal\u00e1 sean \u00fatiles para quienes buscan m\u00e9todos nuevos de rezar en cualquier idioma. <\/p>\n\n\n\n<p><\/p>","protected":false},"excerpt":{"rendered":"<p>About the author Social Media in English Redes sociales en espa\u00f1ol Padre Will, in real life, is&nbsp;the Rev&#8217;d Dr. William Ingle-Gillis,&nbsp;a priest in the&nbsp;Heart of Monmouthshire Ministry Area&nbsp;in South Wales. A Texan raised in Georgia, Father Will moved to the U.K. in 1996, and was ordained just over 20 years ago. All of his parish [&hellip;]<\/p>\n","protected":false},"author":2,"featured_media":0,"parent":0,"menu_order":0,"comment_status":"closed","ping_status":"closed","template":"","meta":{"_uag_custom_page_level_css":"","footnotes":""},"class_list":["post-3591","page","type-page","status-publish","hentry"],"uagb_featured_image_src":{"full":false,"thumbnail":false,"medium":false,"medium_large":false,"large":false,"1536x1536":false,"2048x2048":false,"trp-custom-language-flag":false},"uagb_author_info":{"display_name":"William Ingle-Gillis","author_link":"https:\/\/anglicanrosary.org\/es\/author\/padrewill\/"},"uagb_comment_info":0,"uagb_excerpt":"About the author Social Media in English Redes sociales en espa\u00f1ol Padre Will, in real life, is&nbsp;the Rev&#8217;d Dr. William Ingle-Gillis,&nbsp;a priest in the&nbsp;Heart of Monmouthshire Ministry Area&nbsp;in South Wales. A Texan raised in Georgia, Father Will moved to the U.K. in 1996, and was ordained just over 20 years ago. All of his parish&hellip;","_links":{"self":[{"href":"https:\/\/anglicanrosary.org\/es\/wp-json\/wp\/v2\/pages\/3591","targetHints":{"allow":["GET"]}}],"collection":[{"href":"https:\/\/anglicanrosary.org\/es\/wp-json\/wp\/v2\/pages"}],"about":[{"href":"https:\/\/anglicanrosary.org\/es\/wp-json\/wp\/v2\/types\/page"}],"author":[{"embeddable":true,"href":"https:\/\/anglicanrosary.org\/es\/wp-json\/wp\/v2\/users\/2"}],"replies":[{"embeddable":true,"href":"https:\/\/anglicanrosary.org\/es\/wp-json\/wp\/v2\/comments?post=3591"}],"version-history":[{"count":17,"href":"https:\/\/anglicanrosary.org\/es\/wp-json\/wp\/v2\/pages\/3591\/revisions"}],"predecessor-version":[{"id":3957,"href":"https:\/\/anglicanrosary.org\/es\/wp-json\/wp\/v2\/pages\/3591\/revisions\/3957"}],"wp:attachment":[{"href":"https:\/\/anglicanrosary.org\/es\/wp-json\/wp\/v2\/media?parent=3591"}],"curies":[{"name":"wp","href":"https:\/\/api.w.org\/{rel}","templated":true}]}}