{"id":3646,"date":"2024-11-06T11:55:03","date_gmt":"2024-11-06T11:55:03","guid":{"rendered":"https:\/\/anglicanrosary.org\/?page_id=3646"},"modified":"2024-11-08T21:18:47","modified_gmt":"2024-11-08T21:18:47","slug":"how-to","status":"publish","type":"page","link":"https:\/\/anglicanrosary.org\/es\/how-to\/","title":{"rendered":"C\u00f3mo hacerlo"},"content":{"rendered":"<figure class=\"wp-block-image aligncenter size-full\"><img loading=\"lazy\" decoding=\"async\" width=\"1440\" height=\"250\" src=\"https:\/\/anglicanrosary.org\/wp-content\/uploads\/2024\/11\/holy-spirit-cropped.jpeg\" alt=\"\" class=\"wp-image-3719\" srcset=\"https:\/\/anglicanrosary.org\/wp-content\/uploads\/2024\/11\/holy-spirit-cropped.jpeg 1440w, https:\/\/anglicanrosary.org\/wp-content\/uploads\/2024\/11\/holy-spirit-cropped-300x52.jpeg 300w, https:\/\/anglicanrosary.org\/wp-content\/uploads\/2024\/11\/holy-spirit-cropped-1024x178.jpeg 1024w, https:\/\/anglicanrosary.org\/wp-content\/uploads\/2024\/11\/holy-spirit-cropped-768x133.jpeg 768w\" sizes=\"auto, (max-width: 1440px) 100vw, 1440px\" \/><\/figure>\n\n\n\n<h3 class=\"wp-block-heading\">C\u00f3mo rezar con el rosario anglicano<\/h3>\n\n\n\n<h4 class=\"wp-block-heading has-text-align-center\">Las partes del rosario<\/h4>\n\n\n\n<div class=\"wp-block-media-text is-stacked-on-mobile\"><figure class=\"wp-block-media-text__media\"><img loading=\"lazy\" decoding=\"async\" width=\"706\" height=\"1024\" src=\"https:\/\/anglicanrosary.org\/wp-content\/uploads\/2024\/11\/rosario-anglicano-explicacion-bilingue-706x1024.png\" alt=\"\" class=\"wp-image-3648 size-full\" srcset=\"https:\/\/anglicanrosary.org\/wp-content\/uploads\/2024\/11\/rosario-anglicano-explicacion-bilingue-706x1024.png 706w, https:\/\/anglicanrosary.org\/wp-content\/uploads\/2024\/11\/rosario-anglicano-explicacion-bilingue-207x300.png 207w, https:\/\/anglicanrosary.org\/wp-content\/uploads\/2024\/11\/rosario-anglicano-explicacion-bilingue.png 720w\" sizes=\"auto, (max-width: 706px) 100vw, 706px\" \/><\/figure><div class=\"wp-block-media-text__content\">\n<p><strong>La Cruz:<\/strong>&nbsp;como es tradicional con las cuentas de oraci\u00f3n en general, comenzamos con la cruz, el s\u00edmbolo de la salvaci\u00f3n. Normalmente, rezamos aqu\u00ed una oraci\u00f3n fuerte y muy conocida,&nbsp;&nbsp;<em>p.ej.<\/em>, el Credo de los Ap\u00f3stoles o el Padrenuestro. Esto marca claramente nuestras intenciones cristianas.&nbsp;<\/p>\n\n\n\n<p><strong>La Cuenta de Invitaci\u00f3n:<\/strong>&nbsp;ofrecemos aqu\u00ed algunas palabras para marcar el tono: una oraci\u00f3n que nos invita a rezar con profundidad,&nbsp;&nbsp;<em>p.ej.<\/em>, \u00abSe\u00f1or, \u00e1brenos los labios, y nuestra boca proclamar\u00e1 tu alabanza\u00bb.&nbsp;<\/p>\n\n\n\n<p><strong>Las Cuentas Cruciformes:<\/strong>&nbsp;estas cuentas toman la forma de la cruz cuando el rosario est\u00e1 tendido plano, de ah\u00ed su nombre. Aqu\u00ed rezamos una oraci\u00f3n para introducir las repeticiones en las siguientes cuentas y para establecer un tema:&nbsp;<em>p.ej.<\/em>, la alabanza, la esperanza, la tristeza, el gozo. Probablemente, esta oraci\u00f3n ser\u00e1 un poco m\u00e1s larga que las siguientes.&nbsp;<\/p>\n\n\n\n<p><strong>Las Semanas:<\/strong>&nbsp;siete d\u00edas en una semana; siete cuentas aqu\u00ed. A lo largo de las escrituras, el n\u00famero siete es considerado un n\u00famero santo, con el significado de la perfecci\u00f3n de Dios. Con estas cuentas, generalmente oramos una frase, algo corta y sencilla, lentamente, siete veces, con pausas entre las repeticiones:&nbsp;&nbsp;<em>p.ej.<\/em>, \u00abBendice, alma m\u00eda, al Se\u00f1or, y bendice, todo mi ser, su santo nombre\u00bb. Esto nos ayuda a reflexionar sobre las palabras y a serenarnos en la presencia de Dios.&nbsp;<\/p>\n\n\n\n<p><strong>La Cuenta del Despido:<\/strong>&nbsp;al final, usamos la \u00faltima cuenta cruciforme para rezar unas palabras apropiadas para terminar nuestro tiempo de oraci\u00f3n y regresar al mundo:&nbsp;<em>p.ej.<\/em>, el&nbsp;<em>Nunc dimittis:<\/em>&nbsp;\u00abAhora deja, Se\u00f1or, que me vaya en paz\u2026\u00bb.<\/p>\n<\/div><\/div>\n\n\n\n<h4 class=\"wp-block-heading has-text-align-center\">Un ejemplo<\/h4>\n\n\n\n<div class=\"wp-block-media-text is-stacked-on-mobile\" style=\"grid-template-columns:25% auto\"><figure class=\"wp-block-media-text__media\"><img loading=\"lazy\" decoding=\"async\" width=\"344\" height=\"500\" src=\"https:\/\/anglicanrosary.org\/wp-content\/uploads\/2024\/11\/rosario-orar-cruz-e1686393990250.png\" alt=\"\" class=\"wp-image-3663 size-full\" srcset=\"https:\/\/anglicanrosary.org\/wp-content\/uploads\/2024\/11\/rosario-orar-cruz-e1686393990250.png 344w, https:\/\/anglicanrosary.org\/wp-content\/uploads\/2024\/11\/rosario-orar-cruz-e1686393990250-206x300.png 206w\" sizes=\"auto, (max-width: 344px) 100vw, 344px\" \/><\/figure><div class=\"wp-block-media-text__content\">\n<p><strong>La Cruz<\/strong><\/p>\n\n\n\n<p>Que las palabras de mi boca y las meditaciones de mi coraz\u00f3n te sean aceptables, oh Dios, mi fortaleza y mi redentor.\u00a0<em>(Salmo 19:14)<\/em><\/p>\n\n\n\n<p>Padre nuestro que est\u00e1s en el cielo, santificado sea tu nombre; venga tu reino; h\u00e1gase tu voluntad en la tierra como en el cielo. Danos hoy nuestro pan de cada d\u00eda. Perdona nuestras ofensas, como tambi\u00e9n nosotros perdonamos a los que nos ofenden. No nos dejes caer en la tentaci\u00f3n, y l\u00edbranos del mal. Porque tuyo es el reino, el poder, y la gloria, ahora y por siempre. Am\u00e9n.&nbsp;<\/p>\n<\/div><\/div>\n\n\n\n<div class=\"wp-block-media-text is-stacked-on-mobile\" style=\"grid-template-columns:25% auto\"><figure class=\"wp-block-media-text__media\"><img loading=\"lazy\" decoding=\"async\" width=\"344\" height=\"500\" src=\"https:\/\/anglicanrosary.org\/wp-content\/uploads\/2024\/11\/rosario-orar-invitacion-revisado.png\" alt=\"\" class=\"wp-image-3666 size-full\" srcset=\"https:\/\/anglicanrosary.org\/wp-content\/uploads\/2024\/11\/rosario-orar-invitacion-revisado.png 344w, https:\/\/anglicanrosary.org\/wp-content\/uploads\/2024\/11\/rosario-orar-invitacion-revisado-206x300.png 206w\" sizes=\"auto, (max-width: 344px) 100vw, 344px\" \/><\/figure><div class=\"wp-block-media-text__content\">\n<p><strong>La Cuenta de Invitaci\u00f3n<\/strong><\/p>\n\n\n\n<p>Se\u00f1or, \u00e1brenos los labios, y nuestra boca proclamar\u00e1 tu alabanza.&nbsp;&nbsp;<\/p>\n\n\n\n<p>Gloria al Padre, y al Hijo, y al Esp\u00edritu Santo: como era en el principio, ahora y siempre, por los siglos de los siglos. Am\u00e9n.&nbsp;<em>(BCP 1979, trad. 2022)<\/em><\/p>\n<\/div><\/div>\n\n\n\n<div class=\"wp-block-media-text is-stacked-on-mobile\" style=\"grid-template-columns:25% auto\"><figure class=\"wp-block-media-text__media\"><img loading=\"lazy\" decoding=\"async\" width=\"344\" height=\"500\" src=\"https:\/\/anglicanrosary.org\/wp-content\/uploads\/2024\/11\/rosario-orar-cruciforme-1.png\" alt=\"\" class=\"wp-image-3670 size-full\" srcset=\"https:\/\/anglicanrosary.org\/wp-content\/uploads\/2024\/11\/rosario-orar-cruciforme-1.png 344w, https:\/\/anglicanrosary.org\/wp-content\/uploads\/2024\/11\/rosario-orar-cruciforme-1-206x300.png 206w\" sizes=\"auto, (max-width: 344px) 100vw, 344px\" \/><\/figure><div class=\"wp-block-media-text__content\">\n<p><strong>La primera Cuenta Cruciforme<\/strong><\/p>\n\n\n\n<p>Bendito es el Se\u00f1or, Dios de Israel, que ha venido a liberar su pueblo. Nos levant\u00f3 un poderoso liberador de la casa de David, su siervo, seg\u00fan hab\u00eda prometido desde anta\u00f1o por boca de sus fieles profetas, para salvarnos de nuestras enemigos, de la mano de los que nos odian. A nuestros antepasados prometi\u00f3 misericordia y siempre recordar su pacto santo. En la entre\u00f1able compasi\u00f3n de nuestro Dios, la aurora romper\u00e1 y brillar\u00e1 para quienes viven bajo la sombra de muerte, y guiar\u00e1 nuestros pasos por caminos de paz.&nbsp;<em>(Lucas 1:68-79)<\/em><\/p>\n<\/div><\/div>\n\n\n\n<div class=\"wp-block-media-text is-stacked-on-mobile\" style=\"grid-template-columns:25% auto\"><figure class=\"wp-block-media-text__media\"><img loading=\"lazy\" decoding=\"async\" width=\"344\" height=\"500\" src=\"https:\/\/anglicanrosary.org\/wp-content\/uploads\/2024\/11\/rosario-orar-semana-1-circulos.png\" alt=\"\" class=\"wp-image-3672 size-full\" srcset=\"https:\/\/anglicanrosary.org\/wp-content\/uploads\/2024\/11\/rosario-orar-semana-1-circulos.png 344w, https:\/\/anglicanrosary.org\/wp-content\/uploads\/2024\/11\/rosario-orar-semana-1-circulos-206x300.png 206w\" sizes=\"auto, (max-width: 344px) 100vw, 344px\" \/><\/figure><div class=\"wp-block-media-text__content\">\n<p><strong>La primera Semana<\/strong><\/p>\n\n\n\n<p><em>R\u00e9zalo siete veces, una vez por cuenta:<\/em> <br>Bendice, alma m\u00eda, al Se\u00f1or, y bendice, todo mi ser, su santo nombre. Bendice, alma m\u00eda, al Se\u00f1or, y no olvides sus bondades.&nbsp;<em>(Salmo 103:1-2)<\/em> <\/p>\n<\/div><\/div>\n\n\n\n<div class=\"wp-block-media-text is-stacked-on-mobile\" style=\"grid-template-columns:25% auto\"><figure class=\"wp-block-media-text__media\"><img loading=\"lazy\" decoding=\"async\" width=\"344\" height=\"500\" src=\"https:\/\/anglicanrosary.org\/wp-content\/uploads\/2024\/11\/rosario-orar-cruciforme-2.png\" alt=\"\" class=\"wp-image-3673 size-full\" srcset=\"https:\/\/anglicanrosary.org\/wp-content\/uploads\/2024\/11\/rosario-orar-cruciforme-2.png 344w, https:\/\/anglicanrosary.org\/wp-content\/uploads\/2024\/11\/rosario-orar-cruciforme-2-206x300.png 206w\" sizes=\"auto, (max-width: 344px) 100vw, 344px\" \/><\/figure><div class=\"wp-block-media-text__content\">\n<p><strong>La segunda Cuenta Cruciforme<\/strong><\/p>\n\n\n\n<p>Bendito es el Se\u00f1or, Dios de Israel, que ha venido a liberar su pueblo. Nos levant\u00f3 un poderoso liberador de la casa de David, su siervo, seg\u00fan hab\u00eda prometido desde anta\u00f1o por boca de sus fieles profetas, para salvarnos de nuestras enemigos, de la mano de los que nos odian. A nuestros antepasados prometi\u00f3 misericordia y siempre recordar su pacto santo. En la entre\u00f1able compasi\u00f3n de nuestro Dios, la aurora romper\u00e1 y brillar\u00e1 para quienes viven bajo la sombra de muerte, y guiar\u00e1 nuestros pasos por caminos de paz.&nbsp;<em>(Lucas 1:68-79)<\/em><\/p>\n<\/div><\/div>\n\n\n\n<div class=\"wp-block-media-text is-stacked-on-mobile\" style=\"grid-template-columns:25% auto\"><figure class=\"wp-block-media-text__media\"><img loading=\"lazy\" decoding=\"async\" width=\"344\" height=\"500\" src=\"https:\/\/anglicanrosary.org\/wp-content\/uploads\/2024\/11\/rosario-orar-semana-2-circulos.png\" alt=\"\" class=\"wp-image-3674 size-full\" srcset=\"https:\/\/anglicanrosary.org\/wp-content\/uploads\/2024\/11\/rosario-orar-semana-2-circulos.png 344w, https:\/\/anglicanrosary.org\/wp-content\/uploads\/2024\/11\/rosario-orar-semana-2-circulos-206x300.png 206w\" sizes=\"auto, (max-width: 344px) 100vw, 344px\" \/><\/figure><div class=\"wp-block-media-text__content\">\n<p><br><strong>La segunda Semana <\/strong><\/p>\n\n\n\n<p><em>R\u00e9zalo siete veces, una vez por cuenta:<\/em> <br>Bendice, alma m\u00eda, al Se\u00f1or, y bendice, todo mi ser, su santo nombre. Bendice, alma m\u00eda, al Se\u00f1or, y no olvides sus bondades.&nbsp;<em>(Salmo 103:1-2)<\/em> <\/p>\n<\/div><\/div>\n\n\n\n<div class=\"wp-block-media-text is-stacked-on-mobile\" style=\"grid-template-columns:25% auto\"><figure class=\"wp-block-media-text__media\"><img loading=\"lazy\" decoding=\"async\" width=\"344\" height=\"500\" src=\"https:\/\/anglicanrosary.org\/wp-content\/uploads\/2024\/11\/rosario-orar-cruciforme-3.png\" alt=\"\" class=\"wp-image-3675 size-full\" srcset=\"https:\/\/anglicanrosary.org\/wp-content\/uploads\/2024\/11\/rosario-orar-cruciforme-3.png 344w, https:\/\/anglicanrosary.org\/wp-content\/uploads\/2024\/11\/rosario-orar-cruciforme-3-206x300.png 206w\" sizes=\"auto, (max-width: 344px) 100vw, 344px\" \/><\/figure><div class=\"wp-block-media-text__content\">\n<p><strong>La tercera Cuenta Cruciforme<\/strong><\/p>\n\n\n\n<p>Bendito es el Se\u00f1or, Dios de Israel, que ha venido a liberar su pueblo. Nos levant\u00f3 un poderoso liberador de la casa de David, su siervo, seg\u00fan hab\u00eda prometido desde anta\u00f1o por boca de sus fieles profetas, para salvarnos de nuestras enemigos, de la mano de los que nos odian. A nuestros antepasados prometi\u00f3 misericordia y siempre recordar su pacto santo. En la entre\u00f1able compasi\u00f3n de nuestro Dios, la aurora romper\u00e1 y brillar\u00e1 para quienes viven bajo la sombra de muerte, y guiar\u00e1 nuestros pasos por caminos de paz.&nbsp;<em>(Lucas 1:68-79)<\/em><\/p>\n<\/div><\/div>\n\n\n\n<div class=\"wp-block-media-text is-stacked-on-mobile\" style=\"grid-template-columns:25% auto\"><figure class=\"wp-block-media-text__media\"><img loading=\"lazy\" decoding=\"async\" width=\"344\" height=\"500\" src=\"https:\/\/anglicanrosary.org\/wp-content\/uploads\/2024\/11\/rosario-orar-semana-3-circulos.png\" alt=\"\" class=\"wp-image-3676 size-full\" srcset=\"https:\/\/anglicanrosary.org\/wp-content\/uploads\/2024\/11\/rosario-orar-semana-3-circulos.png 344w, https:\/\/anglicanrosary.org\/wp-content\/uploads\/2024\/11\/rosario-orar-semana-3-circulos-206x300.png 206w\" sizes=\"auto, (max-width: 344px) 100vw, 344px\" \/><\/figure><div class=\"wp-block-media-text__content\">\n<p><br><strong>La tercera Semana<\/strong><\/p>\n\n\n\n<p><em>R\u00e9zalo siete veces, una vez por cuenta:<\/em> <br>Bendice, alma m\u00eda, al Se\u00f1or, y bendice, todo mi ser, su santo nombre. Bendice, alma m\u00eda, al Se\u00f1or, y no olvides sus bondades.&nbsp;<em>(Salmo 103:1-2)<\/em> <\/p>\n<\/div><\/div>\n\n\n\n<div class=\"wp-block-media-text is-stacked-on-mobile\" style=\"grid-template-columns:25% auto\"><figure class=\"wp-block-media-text__media\"><img loading=\"lazy\" decoding=\"async\" width=\"344\" height=\"500\" src=\"https:\/\/anglicanrosary.org\/wp-content\/uploads\/2024\/11\/rosario-orar-cruciforme-4.png\" alt=\"\" class=\"wp-image-3677 size-full\" srcset=\"https:\/\/anglicanrosary.org\/wp-content\/uploads\/2024\/11\/rosario-orar-cruciforme-4.png 344w, https:\/\/anglicanrosary.org\/wp-content\/uploads\/2024\/11\/rosario-orar-cruciforme-4-206x300.png 206w\" sizes=\"auto, (max-width: 344px) 100vw, 344px\" \/><\/figure><div class=\"wp-block-media-text__content\">\n<p><strong>La cuarta Cuenta Cruciforme<\/strong><\/p>\n\n\n\n<p>Bendito es el Se\u00f1or, Dios de Israel, que ha venido a liberar su pueblo. Nos levant\u00f3 un poderoso liberador de la casa de David, su siervo, seg\u00fan hab\u00eda prometido desde anta\u00f1o por boca de sus fieles profetas, para salvarnos de nuestras enemigos, de la mano de los que nos odian. A nuestros antepasados prometi\u00f3 misericordia y siempre recordar su pacto santo. En la entre\u00f1able compasi\u00f3n de nuestro Dios, la aurora romper\u00e1 y brillar\u00e1 para quienes viven bajo la sombra de muerte, y guiar\u00e1 nuestros pasos por caminos de paz.&nbsp;<em>(Lucas 1:68-79)<\/em><\/p>\n<\/div><\/div>\n\n\n\n<div class=\"wp-block-media-text is-stacked-on-mobile\" style=\"grid-template-columns:25% auto\"><figure class=\"wp-block-media-text__media\"><img loading=\"lazy\" decoding=\"async\" width=\"344\" height=\"500\" src=\"https:\/\/anglicanrosary.org\/wp-content\/uploads\/2024\/11\/rosario-orar-semana-4-circulos.png\" alt=\"\" class=\"wp-image-3678 size-full\" srcset=\"https:\/\/anglicanrosary.org\/wp-content\/uploads\/2024\/11\/rosario-orar-semana-4-circulos.png 344w, https:\/\/anglicanrosary.org\/wp-content\/uploads\/2024\/11\/rosario-orar-semana-4-circulos-206x300.png 206w\" sizes=\"auto, (max-width: 344px) 100vw, 344px\" \/><\/figure><div class=\"wp-block-media-text__content\">\n<p><br><strong>La cuarta Semana<\/strong><\/p>\n\n\n\n<p><em>R\u00e9zalo siete veces, una vez por cuenta:<\/em> <br>Bendice, alma m\u00eda, al Se\u00f1or, y bendice, todo mi ser, su santo nombre. Bendice, alma m\u00eda, al Se\u00f1or, y no olvides sus bondades.&nbsp;<em>(Salmo 103:1-2)<\/em> <\/p>\n<\/div><\/div>\n\n\n\n<div class=\"wp-block-media-text is-stacked-on-mobile\" style=\"grid-template-columns:25% auto\"><figure class=\"wp-block-media-text__media\"><img loading=\"lazy\" decoding=\"async\" width=\"344\" height=\"500\" src=\"https:\/\/anglicanrosary.org\/wp-content\/uploads\/2024\/11\/rosario-orar-cruciforme-1-1.png\" alt=\"\" class=\"wp-image-3679 size-full\" srcset=\"https:\/\/anglicanrosary.org\/wp-content\/uploads\/2024\/11\/rosario-orar-cruciforme-1-1.png 344w, https:\/\/anglicanrosary.org\/wp-content\/uploads\/2024\/11\/rosario-orar-cruciforme-1-1-206x300.png 206w\" sizes=\"auto, (max-width: 344px) 100vw, 344px\" \/><\/figure><div class=\"wp-block-media-text__content\">\n<p><strong>La Cuenta del Despido<\/strong><\/p>\n\n\n\n<p>Llega la hora, y es ahora mismo, cuando los que de veras adoran al Padre lo har\u00e1n de un modo verdadero, conforme al Esp\u00edritu de Dios. Pues el Padre quiere que as\u00ed lo hagan los que lo adoran. <em>(Juan 4:23)<\/em><\/p>\n\n\n\n<p>En el nombre del Padre, y del Hijo, y del Esp\u00edritu Santo. Am\u00e9n.&nbsp;<\/p>\n<\/div><\/div>","protected":false},"excerpt":{"rendered":"<p>How to Pray with the Anglican Rosary The Parts of the Rosary The Cross:&nbsp;as is traditional with the Catholic rosary, we begin with the Cross, the symbol of salvation. Normally we pray here a strong and very familiar prayer:&nbsp;&nbsp;e.g., the Apostles&#8217; Creed or the Our Father. This gives a signal of our clear Christian intentions.&nbsp; [&hellip;]<\/p>\n","protected":false},"author":2,"featured_media":0,"parent":0,"menu_order":0,"comment_status":"closed","ping_status":"closed","template":"","meta":{"_uag_custom_page_level_css":"","footnotes":""},"class_list":["post-3646","page","type-page","status-publish","hentry"],"uagb_featured_image_src":{"full":false,"thumbnail":false,"medium":false,"medium_large":false,"large":false,"1536x1536":false,"2048x2048":false,"trp-custom-language-flag":false},"uagb_author_info":{"display_name":"William Ingle-Gillis","author_link":"https:\/\/anglicanrosary.org\/es\/author\/padrewill\/"},"uagb_comment_info":0,"uagb_excerpt":"How to Pray with the Anglican Rosary The Parts of the Rosary The Cross:&nbsp;as is traditional with the Catholic rosary, we begin with the Cross, the symbol of salvation. Normally we pray here a strong and very familiar prayer:&nbsp;&nbsp;e.g., the Apostles&#8217; Creed or the Our Father. This gives a signal of our clear Christian intentions.&nbsp;&hellip;","_links":{"self":[{"href":"https:\/\/anglicanrosary.org\/es\/wp-json\/wp\/v2\/pages\/3646","targetHints":{"allow":["GET"]}}],"collection":[{"href":"https:\/\/anglicanrosary.org\/es\/wp-json\/wp\/v2\/pages"}],"about":[{"href":"https:\/\/anglicanrosary.org\/es\/wp-json\/wp\/v2\/types\/page"}],"author":[{"embeddable":true,"href":"https:\/\/anglicanrosary.org\/es\/wp-json\/wp\/v2\/users\/2"}],"replies":[{"embeddable":true,"href":"https:\/\/anglicanrosary.org\/es\/wp-json\/wp\/v2\/comments?post=3646"}],"version-history":[{"count":22,"href":"https:\/\/anglicanrosary.org\/es\/wp-json\/wp\/v2\/pages\/3646\/revisions"}],"predecessor-version":[{"id":3930,"href":"https:\/\/anglicanrosary.org\/es\/wp-json\/wp\/v2\/pages\/3646\/revisions\/3930"}],"wp:attachment":[{"href":"https:\/\/anglicanrosary.org\/es\/wp-json\/wp\/v2\/media?parent=3646"}],"curies":[{"name":"wp","href":"https:\/\/api.w.org\/{rel}","templated":true}]}}